{"id":1989,"date":"2025-04-29T14:56:28","date_gmt":"2025-04-29T12:56:28","guid":{"rendered":"http:\/\/atlas.shamash-it.com\/home\/"},"modified":"2025-10-08T12:53:27","modified_gmt":"2025-10-08T10:53:27","slug":"home","status":"publish","type":"page","link":"https:\/\/atlas.shamash-it.com\/it\/","title":{"rendered":"Home"},"content":{"rendered":"<div class=\"wp-block-uagb-container uagb-block-cbfbd628 alignfull uagb-is-root-container\"><div class=\"uagb-container-inner-blocks-wrap\">\n<div class=\"wp-block-uagb-info-box uagb-block-af26f004 uagb-infobox__content-wrap  uagb-infobox-icon-above-title uagb-infobox-image-valign-top\"><div class=\"uagb-ifb-content\"><div class=\"uagb-ifb-title-wrap\"><h1 class=\"uagb-ifb-title\">Eccellenza nel diritto, dedicata ai tuoi interessi<\/h1><\/div><div class=\"uagb-ifb-button-wrapper wp-block-button\"><a href=\"\/it\/contact\/\" class=\"uagb-infobox-cta-link wp-block-button__link\" target=\"_self\" rel=\"noopener noreferrer\" onclick=\"return true;\"><span class=\"uagb-inline-editing\">Contattaci<\/span><\/a><\/div><\/div><\/div>\n<\/div><\/div>\n\n\n\n<div class=\"wp-block-uagb-container uagb-block-mgoqignd alignfull uagb-is-root-container\"><div class=\"uagb-container-inner-blocks-wrap\">\n<div class=\"wp-block-uagb-image aligncenter uagb-block-rsdhtfck wp-block-uagb-image--layout-default wp-block-uagb-image--effect-static wp-block-uagb-image--align-center alignleft\"><figure class=\"wp-block-uagb-image__figure\"><img decoding=\"async\" srcset=\"https:\/\/atlas.shamash-it.com\/wp-content\/uploads\/2025\/10\/gratte-ciel-de-verre-du-centre-de-mumbai-refletant-les-teintes-du-coucher-du-soleil-a-l-heure-bleue-1-1024x952.webp ,https:\/\/atlas.shamash-it.com\/wp-content\/uploads\/2025\/10\/gratte-ciel-de-verre-du-centre-de-mumbai-refletant-les-teintes-du-coucher-du-soleil-a-l-heure-bleue-1-scaled.webp 780w, https:\/\/atlas.shamash-it.com\/wp-content\/uploads\/2025\/10\/gratte-ciel-de-verre-du-centre-de-mumbai-refletant-les-teintes-du-coucher-du-soleil-a-l-heure-bleue-1-scaled.webp 360w\" sizes=\"auto, (max-width: 480px) 150px\" src=\"https:\/\/atlas.shamash-it.com\/wp-content\/uploads\/2025\/10\/gratte-ciel-de-verre-du-centre-de-mumbai-refletant-les-teintes-du-coucher-du-soleil-a-l-heure-bleue-1-1024x952.webp\" alt=\"\" class=\"uag-image-2277\" width=\"564\" height=\"518\" title=\"\" loading=\"lazy\" role=\"presentation\"\/><\/figure><\/div>\n\n\n\n<div class=\"wp-block-uagb-container uagb-block-ixupnwtz\">\n<div class=\"wp-block-uagb-info-box uagb-block-sjgewpad uagb-infobox__content-wrap  uagb-infobox-icon-above-title uagb-infobox-image-valign-top\"><div class=\"uagb-ifb-content\"><div class=\"uagb-ifb-title-wrap\"><p class=\"uagb-ifb-title-prefix\">circa<\/p><h2 class=\"uagb-ifb-title\">Competenza al servizio dei tuoi interessi<\/h2><\/div><p class=\"uagb-ifb-desc\">Fondata nel 2004, <em>Atlas Avocats<\/em> \u00e8 uno studio legale leader in Tunisia. Grazie a un team multidisciplinare e qualificato, offriamo una gamma di servizi legali sia in Tunisia che a livello internazionale.<br>Da anni, il nostro studio si \u00e8 affermato come attore chiave nel supporto di grandi aziende, sia nazionali che estere. Il nostro intervento copre aree chiave come il diritto commerciale e il diritto sociale, offrendo ai nostri clienti soluzioni legali su misura, pragmatiche e strategiche.<br>Nel tempo, abbiamo costruito relazioni forti e durature con i nostri clienti che sono diventati veri partner, grazie alla fiducia reciproca e all'impegno condiviso. Questa vicinanza ci permette di anticipare le loro esigenze e di rispondere ad esse con reattivit\u00e0 ed efficienza.<\/p><\/div><\/div>\n\n\n\n<div class=\"wp-block-uagb-buttons uagb-buttons__outer-wrap uagb-btn__default-btn uagb-btn-tablet__default-btn uagb-btn-mobile__default-btn uagb-block-kabw9jd4\"><div class=\"uagb-buttons__wrap uagb-buttons-layout-wrap\">\n<div class=\"wp-block-uagb-buttons-child uagb-buttons__outer-wrap uagb-block-dbcea8d5 wp-block-button\"><div class=\"uagb-button__wrapper\"><a class=\"uagb-buttons-repeater ast-outline-button\" aria-label=\"\" style=\"border-width:revert-layer\" href=\"\/it\/about\/\" rel=\"follow noopener\" target=\"_self\" role=\"button\"><div class=\"uagb-button__link\">Scopri<\/div><\/a><\/div><\/div>\n<\/div><\/div>\n<\/div>\n<\/div><\/div>\n\n\n\n<div class=\"wp-block-uagb-container uagb-block-976fbce0 alignfull uagb-is-root-container\"><div class=\"uagb-container-inner-blocks-wrap\">\n<div class=\"wp-block-uagb-advanced-heading uagb-block-5288a4d5\"><h2 class=\"uagb-heading-text\"><strong>La nostra visione<\/strong><\/h2><p class=\"uagb-desc-text\">I nostri valori guidano ogni nostro intervento, al fine di rispondere con precisione alle sfide legali in continua evoluzione delle aziende.<\/p><\/div>\n\n\n\n<div class=\"wp-block-uagb-container uagb-block-830a1317\">\n<div class=\"wp-block-uagb-container uagb-block-1d18bb52\">\n<div class=\"wp-block-uagb-info-box uagb-block-594ead74 uagb-infobox__content-wrap  uagb-infobox-icon-above-title uagb-infobox-image-valign-top\"><div class=\"uagb-ifb-content\"><div class=\"uagb-ifb-icon-wrap\"><svg xmlns=\"https:\/\/www.w3.org\/2000\/svg\" viewbox=\"0 0 512 512\"><path d=\"M152.1 38.16C161.9 47.03 162.7 62.2 153.8 72.06L81.84 152.1C77.43 156.9 71.21 159.8 64.63 159.1C58.05 160.2 51.69 157.6 47.03 152.1L7.029 112.1C-2.343 103.6-2.343 88.4 7.029 79.03C16.4 69.66 31.6 69.66 40.97 79.03L63.08 101.1L118.2 39.94C127 30.09 142.2 29.29 152.1 38.16V38.16zM152.1 198.2C161.9 207 162.7 222.2 153.8 232.1L81.84 312.1C77.43 316.9 71.21 319.8 64.63 319.1C58.05 320.2 51.69 317.6 47.03 312.1L7.029 272.1C-2.343 263.6-2.343 248.4 7.029 239C16.4 229.7 31.6 229.7 40.97 239L63.08 261.1L118.2 199.9C127 190.1 142.2 189.3 152.1 198.2V198.2zM224 96C224 78.33 238.3 64 256 64H480C497.7 64 512 78.33 512 96C512 113.7 497.7 128 480 128H256C238.3 128 224 113.7 224 96V96zM224 256C224 238.3 238.3 224 256 224H480C497.7 224 512 238.3 512 256C512 273.7 497.7 288 480 288H256C238.3 288 224 273.7 224 256zM160 416C160 398.3 174.3 384 192 384H480C497.7 384 512 398.3 512 416C512 433.7 497.7 448 480 448H192C174.3 448 160 433.7 160 416zM0 416C0 389.5 21.49 368 48 368C74.51 368 96 389.5 96 416C96 442.5 74.51 464 48 464C21.49 464 0 442.5 0 416z\"><\/path><\/svg><\/div><div class=\"uagb-ifb-title-wrap\"><h3 class=\"uagb-ifb-title\">Rigore ed eccellenza<\/h3><\/div><p class=\"uagb-ifb-desc\">Ogni caso merita un'analisi approfondita e una difesa senza compromessi. Supportare i nostri clienti va oltre la semplice consulenza: siamo pienamente investiti nel loro supporto. Il nostro impegno si riflette nella nostra disponibilit\u00e0, nella nostra reattivit\u00e0 e nel nostro costante desiderio di difendere i loro interessi con convinzione, qualunque siano le questioni.<\/p><\/div><\/div>\n<\/div>\n\n\n\n<div class=\"wp-block-uagb-container uagb-block-ce63ee1e\">\n<div class=\"wp-block-uagb-info-box uagb-block-b6e451a1 uagb-infobox__content-wrap  uagb-infobox-icon-above-title uagb-infobox-image-valign-top\"><div class=\"uagb-ifb-content\"><div class=\"uagb-ifb-icon-wrap\"><svg xmlns=\"https:\/\/www.w3.org\/2000\/svg\" viewbox=\"0 0 512 512\"><path d=\"M288 256C288 273.7 273.7 288 256 288C238.3 288 224 273.7 224 256C224 238.3 238.3 224 256 224C273.7 224 288 238.3 288 256zM112 256C112 176.5 176.5 112 256 112C335.5 112 400 176.5 400 256C400 335.5 335.5 400 256 400C176.5 400 112 335.5 112 256zM256 336C300.2 336 336 300.2 336 256C336 211.8 300.2 176 256 176C211.8 176 176 211.8 176 256C176 300.2 211.8 336 256 336zM512 256C512 397.4 397.4 512 256 512C114.6 512 0 397.4 0 256C0 114.6 114.6 0 256 0C397.4 0 512 114.6 512 256zM256 64C149.1 64 64 149.1 64 256C64 362 149.1 448 256 448C362 448 448 362 448 256C448 149.1 362 64 256 64z\"><\/path><\/svg><\/div><div class=\"uagb-ifb-title-wrap\"><h3 class=\"uagb-ifb-title\">Trasparenza e Prossimit\u00e0<\/h3><\/div><p class=\"uagb-ifb-desc\">Crediamo che un rapporto di fiducia si basi su una comunicazione chiara e sincera. In ogni fase del tuo caso, ti spieghiamo le possibili opzioni, le questioni e le conseguenze di ogni decisione, in modo che tu possa agire con piena cognizione di causa.<br>La nostra vicinanza non si limita all'ascolto: si traduce in reale disponibilit\u00e0, risposte rapide alle vostre domande e supporto personalizzato, adattato alle vostre esigenze e alla vostra situazione.<\/p><\/div><\/div>\n<\/div>\n\n\n\n<div class=\"wp-block-group is-horizontal is-content-justification-left is-nowrap is-layout-flex wp-container-core-group-is-layout-e5fbeb3a wp-block-group-is-layout-flex\">\n<div class=\"wp-block-uagb-container uagb-block-d9d3793e\">\n<div class=\"wp-block-uagb-info-box uagb-block-2dd0ee61 uagb-infobox__content-wrap  uagb-infobox-icon-above-title uagb-infobox-image-valign-top\"><div class=\"uagb-ifb-content\"><div class=\"uagb-ifb-icon-wrap\"><svg xmlns=\"https:\/\/www.w3.org\/2000\/svg\" viewbox=\"0 0 384 512\"><path d=\"M352 0C369.7 0 384 14.33 384 32C384 49.67 369.7 64 352 64V74.98C352 117.4 335.1 158.1 305.1 188.1L237.3 256L305.1 323.9C335.1 353.9 352 394.6 352 437V448C369.7 448 384 462.3 384 480C384 497.7 369.7 512 352 512H32C14.33 512 0 497.7 0 480C0 462.3 14.33 448 32 448V437C32 394.6 48.86 353.9 78.86 323.9L146.7 256L78.86 188.1C48.86 158.1 32 117.4 32 74.98V64C14.33 64 0 49.67 0 32C0 14.33 14.33 0 32 0H352zM124.1 142.9L192 210.7L259.9 142.9C277.9 124.9 288 100.4 288 74.98V64H96V74.98C96 100.4 106.1 124.9 124.1 142.9z\"><\/path><\/svg><\/div><div class=\"uagb-ifb-title-wrap\"><h3 class=\"uagb-ifb-title\">Responsivit\u00e0<\/h3><\/div><p class=\"uagb-ifb-desc\">La reattivit\u00e0 costituisce uno dei pilastri del nostro impegno. Nel contenzioso, la velocit\u00e0 di azione pu\u00f2 cambiare il risultato. <br>Facciamo tutto il possibile per rispondere rapidamente alle esigenze dei nostri clienti, senza mai sacrificare la qualit\u00e0 delle nostre analisi. Grazie ad un'organizzazione rigorosa e ad una costante anticipazione, forniamo soluzioni concrete entro i termini che le vostre priorit\u00e0 richiedono.<\/p><\/div><\/div>\n<\/div>\n<\/div>\n<\/div>\n<\/div><\/div>\n\n\n\n<div class=\"wp-block-uagb-container uagb-block-0a55183c alignfull uagb-is-root-container\"><div class=\"uagb-container-inner-blocks-wrap\">\n<div class=\"wp-block-uagb-container uagb-block-a593d4bb alignfull uagb-is-root-container\"><div class=\"uagb-container-inner-blocks-wrap\">\n<div class=\"wp-block-uagb-buttons uagb-buttons__outer-wrap uagb-btn__default-btn uagb-btn-tablet__default-btn uagb-btn-mobile__default-btn uagb-block-33d3c91e\"><div class=\"uagb-buttons__wrap uagb-buttons-layout-wrap\">\n<div class=\"wp-block-uagb-buttons-child uagb-buttons__outer-wrap uagb-block-38351fb0 wp-block-button\"><div class=\"uagb-button__wrapper\"><a class=\"uagb-buttons-repeater wp-block-button__link\" aria-label=\"\" href=\"\/it\/contact\/\" rel=\"follow noopener\" target=\"_self\" role=\"button\"><div class=\"uagb-button__link\">Contattaci<\/div><\/a><\/div><\/div>\n<\/div><\/div>\n\n\n\n<div class=\"wp-block-uagb-advanced-heading uagb-block-68e56d0b\"><div class=\"uagb-separator\"><\/div><p class=\"uagb-desc-text\">OPPURE chiamaci a:<\/p><h3 class=\"uagb-heading-text\">+216 31 10 31 33<\/h3><\/div>\n<\/div><\/div>\n\n\n\t\t\t<div \n\t\t\tclass=\"wp-block-uagb-google-map uagb-google-map__wrap uagb-block-yg5jkhdl\"\n\t\t\tstyle=\"\" >\n\t\t\t\t<embed\n\t\t\t\t\tclass=\"uagb-google-map__iframe\"\n\t\t\t\t\ttitle=\"Google Map for \"\n\t\t\t\t\tsrc=\"https:\/\/maps.google.com\/maps?q=36%C2%B049%2750.1%22N%2010%C2%B010%2744.1%22E&#038;z=12&#038;hl=fr&#038;t=m&#038;output=embed&#038;iwloc=near\"\n\t\t\t\t\twidth=\"640\"\n\t\t\t\t\theight=\"350\"\n\t\t\t\t\tloading=\"lazy\"\n\t\t\t\t><\/embed>\n\t\t\t<\/div>\n\t\t\t<\/div><\/div>\n\n\n\n<p><\/p>","protected":false},"excerpt":{"rendered":"<p>Notre vision Nos valeurs guident chacune de nos interventions, afin de r\u00e9pondre avec justesse aux enjeux juridiques des entreprises en [&hellip;]<\/p>","protected":false},"author":1,"featured_media":0,"parent":0,"menu_order":0,"comment_status":"closed","ping_status":"closed","template":"","meta":{"_uag_custom_page_level_css":"","site-sidebar-layout":"default","site-content-layout":"page-builder","ast-site-content-layout":"full-width-container","site-content-style":"unboxed","site-sidebar-style":"unboxed","ast-global-header-display":"","ast-banner-title-visibility":"","ast-main-header-display":"","ast-hfb-above-header-display":"","ast-hfb-below-header-display":"","ast-hfb-mobile-header-display":"","site-post-title":"disabled","ast-breadcrumbs-content":"","ast-featured-img":"","footer-sml-layout":"","theme-transparent-header-meta":"enabled","adv-header-id-meta":"","stick-header-meta":"","header-above-stick-meta":"","header-main-stick-meta":"","header-below-stick-meta":"","astra-migrate-meta-layouts":"set","ast-page-background-enabled":"default","ast-page-background-meta":{"desktop":{"background-color":"var(--ast-global-color-4)","background-image":"","background-repeat":"repeat","background-position":"center center","background-size":"auto","background-attachment":"scroll","background-type":"","background-media":"","overlay-type":"","overlay-color":"","overlay-opacity":"","overlay-gradient":""},"tablet":{"background-color":"","background-image":"","background-repeat":"repeat","background-position":"center center","background-size":"auto","background-attachment":"scroll","background-type":"","background-media":"","overlay-type":"","overlay-color":"","overlay-opacity":"","overlay-gradient":""},"mobile":{"background-color":"","background-image":"","background-repeat":"repeat","background-position":"center center","background-size":"auto","background-attachment":"scroll","background-type":"","background-media":"","overlay-type":"","overlay-color":"","overlay-opacity":"","overlay-gradient":""}},"ast-content-background-meta":{"desktop":{"background-color":"var(--ast-global-color-5)","background-image":"","background-repeat":"repeat","background-position":"center center","background-size":"auto","background-attachment":"scroll","background-type":"","background-media":"","overlay-type":"","overlay-color":"","overlay-opacity":"","overlay-gradient":""},"tablet":{"background-color":"var(--ast-global-color-5)","background-image":"","background-repeat":"repeat","background-position":"center center","background-size":"auto","background-attachment":"scroll","background-type":"","background-media":"","overlay-type":"","overlay-color":"","overlay-opacity":"","overlay-gradient":""},"mobile":{"background-color":"var(--ast-global-color-5)","background-image":"","background-repeat":"repeat","background-position":"center center","background-size":"auto","background-attachment":"scroll","background-type":"","background-media":"","overlay-type":"","overlay-color":"","overlay-opacity":"","overlay-gradient":""}},"footnotes":""},"class_list":["post-1989","page","type-page","status-publish","hentry"],"uagb_featured_image_src":{"full":false,"thumbnail":false,"medium":false,"medium_large":false,"large":false,"1536x1536":false,"2048x2048":false,"trp-custom-language-flag":false},"uagb_author_info":{"display_name":"Admin","author_link":"https:\/\/atlas.shamash-it.com\/it\/author\/admin\/"},"uagb_comment_info":0,"uagb_excerpt":"Notre vision Nos valeurs guident chacune de nos interventions, afin de r\u00e9pondre avec justesse aux enjeux juridiques des entreprises en [&hellip;]","_links":{"self":[{"href":"https:\/\/atlas.shamash-it.com\/it\/wp-json\/wp\/v2\/pages\/1989","targetHints":{"allow":["GET"]}}],"collection":[{"href":"https:\/\/atlas.shamash-it.com\/it\/wp-json\/wp\/v2\/pages"}],"about":[{"href":"https:\/\/atlas.shamash-it.com\/it\/wp-json\/wp\/v2\/types\/page"}],"author":[{"embeddable":true,"href":"https:\/\/atlas.shamash-it.com\/it\/wp-json\/wp\/v2\/users\/1"}],"replies":[{"embeddable":true,"href":"https:\/\/atlas.shamash-it.com\/it\/wp-json\/wp\/v2\/comments?post=1989"}],"version-history":[{"count":33,"href":"https:\/\/atlas.shamash-it.com\/it\/wp-json\/wp\/v2\/pages\/1989\/revisions"}],"predecessor-version":[{"id":2330,"href":"https:\/\/atlas.shamash-it.com\/it\/wp-json\/wp\/v2\/pages\/1989\/revisions\/2330"}],"wp:attachment":[{"href":"https:\/\/atlas.shamash-it.com\/it\/wp-json\/wp\/v2\/media?parent=1989"}],"curies":[{"name":"wp","href":"https:\/\/api.w.org\/{rel}","templated":true}]}}